{"id":479,"date":"2022-09-26T16:20:09","date_gmt":"2022-09-26T14:20:09","guid":{"rendered":"https:\/\/www.flexxfit.de\/wal\/?page_id=479"},"modified":"2024-07-09T12:18:05","modified_gmt":"2024-07-09T10:18:05","slug":"ausbildung","status":"publish","type":"page","link":"https:\/\/www.flexxfit.de\/wal\/jobs\/ausbildung\/","title":{"rendered":"Ausbildung"},"content":{"rendered":"<p>[et_pb_section fb_built=&#8220;1&#8243; _builder_version=&#8220;4.18.0&#8243; _module_preset=&#8220;default&#8220; da_disable_devices=&#8220;off|off|off&#8220; global_colors_info=&#8220;{}&#8220; da_is_popup=&#8220;off&#8220; da_exit_intent=&#8220;off&#8220; da_has_close=&#8220;on&#8220; da_alt_close=&#8220;off&#8220; da_dark_close=&#8220;off&#8220; da_not_modal=&#8220;on&#8220; da_is_singular=&#8220;off&#8220; da_with_loader=&#8220;off&#8220; da_has_shadow=&#8220;on&#8220;][et_pb_row _builder_version=&#8220;4.18.0&#8243; _module_preset=&#8220;default&#8220; global_colors_info=&#8220;{}&#8220;][et_pb_column type=&#8220;4_4&#8243; _builder_version=&#8220;4.18.0&#8243; _module_preset=&#8220;default&#8220; global_colors_info=&#8220;{}&#8220;][et_pb_text _builder_version=&#8220;4.18.0&#8243; _module_preset=&#8220;default&#8220; header_font_size=&#8220;61px&#8220; custom_padding=&#8220;||66px||false|false&#8220; global_colors_info=&#8220;{}&#8220;]<\/p>\n<h1 class=\"mbr-section-title pb-3 mbr-fonts-style display-1\" style=\"text-align: center;\">AUSBILDUNG<\/h1>\n<p>[\/et_pb_text][et_pb_text _builder_version=&#8220;4.24.2&#8243; _module_preset=&#8220;default&#8220; text_line_height=&#8220;1.9em&#8220; header_2_line_height=&#8220;1.5em&#8220; hover_enabled=&#8220;0&#8243; global_colors_info=&#8220;{}&#8220; sticky_enabled=&#8220;0&#8243;]<\/p>\n<h2 class=\"mbr-fonts-style mbr-title align-left pb-3 display-2\">Ausbildung Sport- und Fitnesskaufleute IHK (M\/D\/W)<\/h2>\n<p class=\"mbr-fonts-style mbr-text align-left display-7\"><span>In 3 Ausbildungsjahren bekommst du wichtiges kaufm\u00e4nnisches Fachwissen sowie fitnessspezifische Inhalte vermittelt. Die duale Ausbildung besteht auch einen schulischen Teil und der Praxis im Betrieb, wo du dein Wissen direkt zum Einsatz bringen kannst.<\/span><\/p>\n<p><strong><b>Deine Aufgaben<\/b>:\u200b<\/strong><\/p>\n<ul>\n<li class=\"x_MsoNormal\">Du \u00fcbernimmst Verantwortung bei vielf\u00e4ltigen Aufgaben im Club<\/li>\n<li class=\"x_MsoNormal\">Du bist aktiv beim Verkauf und der Beratung unserer hochwertigen Produkte involviert<\/li>\n<li class=\"x_MsoNormal\">Du \u00fcbernimmst Verwaltungs- und Organisationsaufgaben<\/li>\n<li class=\"x_MsoNormal\">Du durchl\u00e4ufst verschiedene Abteilungen wie Vertrieb, Einkauf, Rezeption, Verwaltung und Mitgliederbetreuung<\/li>\n<\/ul>\n<p><strong><b>Das bringst du mit<\/b>:<\/strong><\/p>\n<ul>\n<li class=\"x_MsoNormal\">Abgeschlossenen Schulabschluss und Interesse an kaufm\u00e4nnischen Zusammenh\u00e4ngen<\/li>\n<li class=\"x_MsoNormal\">Du liebst Teamarbeit<\/li>\n<li class=\"x_MsoNormal\">Sport ist f\u00fcr dich mehr als ein Hobby<\/li>\n<li class=\"x_MsoNormal\">Du bist zuverl\u00e4ssig und flexibel<\/li>\n<li class=\"x_MsoNormal\">Du bist mindestens 18 Jahre alt<\/li>\n<li class=\"x_MsoNormal\">Du beherrschst die deutsche Sprache in Wort und Schrift<\/li>\n<\/ul>\n<p><strong>Wer wir sind:\u200b<\/strong><\/p>\n<p><span>Flexxfit ist ein stylisches, modernes, vollausgestattetes Premiumfitnessstudio mit dem besten Equipment, tollen Mitgliedern und einem fantastischen Team. Neben einer riesigen Ger\u00e4tetrainingsfl\u00e4che, einer eigenen Fuctional- Trainingsetage und elektronischen Fitnesstraining, bieten wir ein breites Kursangebot von Boxen \u00fcber Yoga und Jumping bis hin zu anerkanntem Rehasport.<\/span><\/p>\n<p><strong>Was wir bieten:\u200b<\/strong><\/p>\n<p><span>Bei uns bist du von Tag 1 an vollwertiges Teammitglied. Freies Training ist f\u00fcr uns au\u00dferhalb der Arbeitszeiten selbstverst\u00e4ndlich. Regelm\u00e4\u00dfige Teamevents und Weiterbildungs- sowie \u00dcbernahmem\u00f6glichkeiten warten ebenfalls auf dich!<\/span><\/p>\n<p><span>Bewirb dich jetzt per Mail:<\/span> <a href=\"mailto:waltrop@flexxfit.de\">waltrop@flexxfit.de<\/a><\/p>\n<p>[\/et_pb_text][\/et_pb_column][\/et_pb_row][\/et_pb_section]<\/p>\n","protected":false},"excerpt":{"rendered":"<p>AUSBILDUNGAusbildung Sport- und Fitnesskaufleute IHK (M\/D\/W) In 3 Ausbildungsjahren bekommst du wichtiges kaufm\u00e4nnisches Fachwissen sowie fitnessspezifische Inhalte vermittelt. Die duale Ausbildung besteht auch einen schulischen Teil und der Praxis im Betrieb, wo du dein Wissen direkt zum Einsatz bringen kannst. Deine Aufgaben:\u200b Du \u00fcbernimmst Verantwortung bei vielf\u00e4ltigen Aufgaben im Club Du bist aktiv beim Verkauf [&hellip;]<\/p>\n","protected":false},"author":1,"featured_media":0,"parent":459,"menu_order":0,"comment_status":"closed","ping_status":"closed","template":"","meta":{"_et_pb_use_builder":"on","_et_pb_old_content":"","_et_gb_content_width":"","footnotes":""},"class_list":["post-479","page","type-page","status-publish","hentry"],"_links":{"self":[{"href":"https:\/\/www.flexxfit.de\/wal\/wp-json\/wp\/v2\/pages\/479","targetHints":{"allow":["GET"]}}],"collection":[{"href":"https:\/\/www.flexxfit.de\/wal\/wp-json\/wp\/v2\/pages"}],"about":[{"href":"https:\/\/www.flexxfit.de\/wal\/wp-json\/wp\/v2\/types\/page"}],"author":[{"embeddable":true,"href":"https:\/\/www.flexxfit.de\/wal\/wp-json\/wp\/v2\/users\/1"}],"replies":[{"embeddable":true,"href":"https:\/\/www.flexxfit.de\/wal\/wp-json\/wp\/v2\/comments?post=479"}],"version-history":[{"count":8,"href":"https:\/\/www.flexxfit.de\/wal\/wp-json\/wp\/v2\/pages\/479\/revisions"}],"predecessor-version":[{"id":27484,"href":"https:\/\/www.flexxfit.de\/wal\/wp-json\/wp\/v2\/pages\/479\/revisions\/27484"}],"up":[{"embeddable":true,"href":"https:\/\/www.flexxfit.de\/wal\/wp-json\/wp\/v2\/pages\/459"}],"wp:attachment":[{"href":"https:\/\/www.flexxfit.de\/wal\/wp-json\/wp\/v2\/media?parent=479"}],"curies":[{"name":"wp","href":"https:\/\/api.w.org\/{rel}","templated":true}]}}