{"id":459,"date":"2022-09-26T15:19:55","date_gmt":"2022-09-26T13:19:55","guid":{"rendered":"https:\/\/www.flexxfit.de\/wal\/?page_id=459"},"modified":"2024-07-09T12:34:38","modified_gmt":"2024-07-09T10:34:38","slug":"jobs","status":"publish","type":"page","link":"https:\/\/www.flexxfit.de\/wal\/jobs\/","title":{"rendered":"Jobs"},"content":{"rendered":"<p>[et_pb_section fb_built=&#8220;1&#8243; _builder_version=&#8220;4.24.2&#8243; _module_preset=&#8220;default&#8220; hover_enabled=&#8220;0&#8243; da_disable_devices=&#8220;off|off|off&#8220; global_colors_info=&#8220;{}&#8220; custom_padding=&#8220;||0px||false|false&#8220; custom_margin=&#8220;||0px||false|false&#8220; sticky_enabled=&#8220;0&#8243; da_is_popup=&#8220;off&#8220; da_exit_intent=&#8220;off&#8220; da_has_close=&#8220;on&#8220; da_alt_close=&#8220;off&#8220; da_dark_close=&#8220;off&#8220; da_not_modal=&#8220;on&#8220; da_is_singular=&#8220;off&#8220; da_with_loader=&#8220;off&#8220; da_has_shadow=&#8220;on&#8220;][et_pb_row admin_label=&#8220;Zeile&#8220; _builder_version=&#8220;4.18.0&#8243; _module_preset=&#8220;default&#8220; global_colors_info=&#8220;{}&#8220;][et_pb_column type=&#8220;4_4&#8243; _builder_version=&#8220;4.18.0&#8243; _module_preset=&#8220;default&#8220; global_colors_info=&#8220;{}&#8220;][et_pb_text _builder_version=&#8220;4.18.0&#8243; _module_preset=&#8220;default&#8220; global_colors_info=&#8220;{}&#8220;]<\/p>\n<h1 class=\"mb-4 mbr-fonts-style mbr-white display-2\">MACH DEINE LEIDENSCHAFT ZUM BERUF!<\/h1>\n<p>[\/et_pb_text][et_pb_text _builder_version=&#8220;4.18.1&#8243; _module_preset=&#8220;default&#8220; global_colors_info=&#8220;{}&#8220;]<\/p>\n<p><span>Du m\u00f6chtest zu einem sportlichen, jungen und dynamischen Team geh\u00f6ren und der pers\u00f6nliche Kontakt mit Menschen macht dir Spass, dann werde jetzt Teil des Teams! Sollte es im Moment keine vakante Stelle geben, dann bewirb dich gerne trotzdem initiativ.<\/span><\/p>\n<p>[\/et_pb_text][et_pb_image src=&#8220;https:\/\/www.flexxfit.de\/wal\/wp-content\/uploads\/2022\/11\/FlexxFit_Waltrop-170-scaled-1.jpg&#8220; title_text=&#8220;FlexxFit_Waltrop-170-scaled&#8220; _builder_version=&#8220;4.18.1&#8243; _module_preset=&#8220;default&#8220; global_colors_info=&#8220;{}&#8220;][\/et_pb_image][\/et_pb_column][\/et_pb_row][et_pb_row column_structure=&#8220;1_2,1_2&#8243; make_equal=&#8220;on&#8220; disabled_on=&#8220;on|on|on&#8220; admin_label=&#8220;Zeile&#8220; _builder_version=&#8220;4.19.4&#8243; _module_preset=&#8220;default&#8220; disabled=&#8220;on&#8220; global_colors_info=&#8220;{}&#8220;][et_pb_column type=&#8220;1_2&#8243; _builder_version=&#8220;4.18.0&#8243; _module_preset=&#8220;default&#8220; background_color=&#8220;#efefef&#8220; global_colors_info=&#8220;{}&#8220;][et_pb_icon font_icon=&#8220;&#xf469;||fa||900&#8243; url=&#8220;https:\/\/www.flexxfit.de\/wal\/?page_id=475&#8243; _builder_version=&#8220;4.18.0&#8243; _module_preset=&#8220;default&#8220; custom_padding=&#8220;25px||||false|false&#8220; global_colors_info=&#8220;{}&#8220;][\/et_pb_icon][et_pb_text _builder_version=&#8220;4.18.0&#8243; _module_preset=&#8220;default&#8220; custom_padding=&#8220;||25px||false|false&#8220; link_option_url=&#8220;https:\/\/www.flexxfit.de\/wal\/?page_id=475&#8243; global_colors_info=&#8220;{}&#8220;]<\/p>\n<p style=\"text-align: center;\">REHA-TRAINER\/IN MIT LIZENZ WALTROP<\/p>\n<p>[\/et_pb_text][\/et_pb_column][et_pb_column type=&#8220;1_2&#8243; _builder_version=&#8220;4.18.0&#8243; _module_preset=&#8220;default&#8220; background_color=&#8220;#efefef&#8220; global_colors_info=&#8220;{}&#8220;][et_pb_icon font_icon=&#8220;&#xf51c;||fa||900&#8243; url=&#8220;https:\/\/www.flexxfit.de\/wal\/?page_id=479&#8243; _builder_version=&#8220;4.18.0&#8243; _module_preset=&#8220;default&#8220; custom_padding=&#8220;25px||||false|false&#8220; global_colors_info=&#8220;{}&#8220;][\/et_pb_icon][et_pb_text _builder_version=&#8220;4.18.0&#8243; _module_preset=&#8220;default&#8220; text_line_height=&#8220;1.3em&#8220; custom_padding=&#8220;||25px||false|false&#8220; link_option_url=&#8220;https:\/\/www.flexxfit.de\/wal\/?page_id=479&#8243; global_colors_info=&#8220;{}&#8220;]<\/p>\n<p style=\"text-align: center;\">AUSBILDUNG WALTROP<\/p>\n<p>[\/et_pb_text][\/et_pb_column][\/et_pb_row][et_pb_row column_structure=&#8220;1_2,1_2&#8243; make_equal=&#8220;on&#8220; disabled_on=&#8220;on|on|on&#8220; _builder_version=&#8220;4.19.4&#8243; _module_preset=&#8220;default&#8220; disabled=&#8220;on&#8220; global_colors_info=&#8220;{}&#8220;][et_pb_column type=&#8220;1_2&#8243; _builder_version=&#8220;4.18.0&#8243; _module_preset=&#8220;default&#8220; background_color=&#8220;#efefef&#8220; global_colors_info=&#8220;{}&#8220;][et_pb_icon font_icon=&#8220;&#xf19d;||fa||900&#8243; url=&#8220;https:\/\/www.flexxfit.de\/wal\/?page_id=483&#8243; _builder_version=&#8220;4.18.0&#8243; _module_preset=&#8220;default&#8220; custom_padding=&#8220;25px||||false|false&#8220; global_colors_info=&#8220;{}&#8220;][\/et_pb_icon][et_pb_text _builder_version=&#8220;4.18.0&#8243; _module_preset=&#8220;default&#8220; text_line_height=&#8220;1.3em&#8220; custom_padding=&#8220;||25px||false|false&#8220; link_option_url=&#8220;https:\/\/www.flexxfit.de\/wal\/?page_id=483&#8243; global_colors_info=&#8220;{}&#8220;]<\/p>\n<p style=\"text-align: center;\">DUALES STUDIUM WALTROP<\/p>\n<p>[\/et_pb_text][\/et_pb_column][et_pb_column type=&#8220;1_2&#8243; _builder_version=&#8220;4.18.0&#8243; _module_preset=&#8220;default&#8220; background_color=&#8220;#efefef&#8220; global_colors_info=&#8220;{}&#8220;][et_pb_icon font_icon=&#8220;&#x55;||divi||400&#8243; url=&#8220;https:\/\/www.flexxfit.de\/wal\/?page_id=463&#8243; _builder_version=&#8220;4.18.0&#8243; _module_preset=&#8220;default&#8220; custom_padding=&#8220;25px||||false|false&#8220; global_colors_info=&#8220;{}&#8220;][\/et_pb_icon][et_pb_text _builder_version=&#8220;4.18.0&#8243; _module_preset=&#8220;default&#8220; text_line_height=&#8220;1.3em&#8220; custom_padding=&#8220;||25px||false|false&#8220; link_option_url=&#8220;https:\/\/www.flexxfit.de\/wal\/?page_id=463&#8243; global_colors_info=&#8220;{}&#8220;]<\/p>\n<p style=\"text-align: center;\"><span>WIR SUCHEN IMMER NACH GUT AUSGEBILDETEM PERSONAL<\/span><\/p>\n<p>[\/et_pb_text][\/et_pb_column][\/et_pb_row][\/et_pb_section][et_pb_section fb_built=&#8220;1&#8243; _builder_version=&#8220;4.24.2&#8243; _module_preset=&#8220;default&#8220; hover_enabled=&#8220;0&#8243; global_colors_info=&#8220;{}&#8220; locked=&#8220;off&#8220; custom_margin=&#8220;0px||||false|false&#8220; custom_padding=&#8220;0px||||false|false&#8220; sticky_enabled=&#8220;0&#8243; da_is_popup=&#8220;off&#8220; da_exit_intent=&#8220;off&#8220; da_has_close=&#8220;on&#8220; da_alt_close=&#8220;off&#8220; da_dark_close=&#8220;off&#8220; da_not_modal=&#8220;on&#8220; da_is_singular=&#8220;off&#8220; da_with_loader=&#8220;off&#8220; da_has_shadow=&#8220;on&#8220; da_disable_devices=&#8220;off|off|off&#8220;][et_pb_row column_structure=&#8220;1_2,1_2&#8243; make_equal=&#8220;on&#8220; admin_label=&#8220;Zeile&#8220; _builder_version=&#8220;4.18.0&#8243; _module_preset=&#8220;default&#8220; global_colors_info=&#8220;{}&#8220;][et_pb_column type=&#8220;1_2&#8243; _builder_version=&#8220;4.18.0&#8243; _module_preset=&#8220;default&#8220; background_color=&#8220;#efefef&#8220; global_colors_info=&#8220;{}&#8220;][et_pb_icon font_icon=&#8220;&#xf44b;||fa||900&#8243; url=&#8220;https:\/\/www.flexxfit.de\/wal\/jobs\/fitnesstrainer\/&#8220; _builder_version=&#8220;4.24.2&#8243; _module_preset=&#8220;default&#8220; custom_padding=&#8220;25px||||false|false&#8220; hover_enabled=&#8220;0&#8243; global_colors_info=&#8220;{}&#8220; sticky_enabled=&#8220;0&#8243;][\/et_pb_icon][et_pb_text _builder_version=&#8220;4.24.2&#8243; _module_preset=&#8220;default&#8220; custom_padding=&#8220;||25px||false|false&#8220; link_option_url=&#8220;https:\/\/www.flexxfit.de\/wal\/jobs\/fitnesstrainer\/&#8220; hover_enabled=&#8220;0&#8243; global_colors_info=&#8220;{}&#8220; sticky_enabled=&#8220;0&#8243;]<\/p>\n<p style=\"text-align: center;\">FITNESSTRAINER<\/p>\n<p>[\/et_pb_text][\/et_pb_column][et_pb_column type=&#8220;1_2&#8243; _builder_version=&#8220;4.18.0&#8243; _module_preset=&#8220;default&#8220; background_color=&#8220;#efefef&#8220; global_colors_info=&#8220;{}&#8220;][et_pb_icon font_icon=&#8220;&#xf19d;||fa||900&#8243; url=&#8220;https:\/\/www.flexxfit.de\/wal\/jobs\/duales-studium\/&#8220; _builder_version=&#8220;4.24.2&#8243; _module_preset=&#8220;default&#8220; custom_padding=&#8220;25px||||false|false&#8220; hover_enabled=&#8220;0&#8243; global_colors_info=&#8220;{}&#8220; sticky_enabled=&#8220;0&#8243;][\/et_pb_icon][et_pb_text _builder_version=&#8220;4.24.2&#8243; _module_preset=&#8220;default&#8220; text_line_height=&#8220;1.3em&#8220; custom_padding=&#8220;||25px||false|false&#8220; link_option_url=&#8220;https:\/\/www.flexxfit.de\/wal\/jobs\/duales-studium\/&#8220; hover_enabled=&#8220;0&#8243; global_colors_info=&#8220;{}&#8220; sticky_enabled=&#8220;0&#8243;]<\/p>\n<p style=\"text-align: center;\">DUALES STUDIUM<\/p>\n<p>[\/et_pb_text][\/et_pb_column][\/et_pb_row][et_pb_row make_equal=&#8220;on&#8220; _builder_version=&#8220;4.18.0&#8243; _module_preset=&#8220;default&#8220; global_colors_info=&#8220;{}&#8220;][et_pb_column type=&#8220;4_4&#8243; _builder_version=&#8220;4.18.0&#8243; _module_preset=&#8220;default&#8220; background_color=&#8220;#efefef&#8220; global_colors_info=&#8220;{}&#8220;][et_pb_icon font_icon=&#8220;&#xe0f4;||divi||400&#8243; url=&#8220;https:\/\/www.flexxfit.de\/wal\/jobs\/ausbildung\/&#8220; _builder_version=&#8220;4.24.2&#8243; _module_preset=&#8220;default&#8220; custom_padding=&#8220;25px||||false|false&#8220; hover_enabled=&#8220;0&#8243; global_colors_info=&#8220;{}&#8220; sticky_enabled=&#8220;0&#8243;][\/et_pb_icon][et_pb_text _builder_version=&#8220;4.24.2&#8243; _module_preset=&#8220;default&#8220; text_line_height=&#8220;1.3em&#8220; custom_padding=&#8220;||25px||false|false&#8220; link_option_url=&#8220;https:\/\/www.flexxfit.de\/wal\/jobs\/ausbildung\/&#8220; hover_enabled=&#8220;0&#8243; global_colors_info=&#8220;{}&#8220; sticky_enabled=&#8220;0&#8243;]<\/p>\n<p style=\"text-align: center;\"><span>AUSBILDUNG SPORT- UND FITNESSKAUFLEUTE IHK<\/span><\/p>\n<p>[\/et_pb_text][\/et_pb_column][\/et_pb_row][\/et_pb_section]<\/p>\n","protected":false},"excerpt":{"rendered":"<p>MACH DEINE LEIDENSCHAFT ZUM BERUF!Du m\u00f6chtest zu einem sportlichen, jungen und dynamischen Team geh\u00f6ren und der pers\u00f6nliche Kontakt mit Menschen macht dir Spass, dann werde jetzt Teil des Teams! Sollte es im Moment keine vakante Stelle geben, dann bewirb dich gerne trotzdem initiativ.REHA-TRAINER\/IN MIT LIZENZ WALTROPAUSBILDUNG WALTROPDUALES STUDIUM WALTROPWIR SUCHEN IMMER NACH GUT AUSGEBILDETEM PERSONALFITNESSTRAINERDUALES [&hellip;]<\/p>\n","protected":false},"author":1,"featured_media":0,"parent":0,"menu_order":0,"comment_status":"closed","ping_status":"closed","template":"","meta":{"_et_pb_use_builder":"on","_et_pb_old_content":"","_et_gb_content_width":"","footnotes":""},"class_list":["post-459","page","type-page","status-publish","hentry"],"_links":{"self":[{"href":"https:\/\/www.flexxfit.de\/wal\/wp-json\/wp\/v2\/pages\/459","targetHints":{"allow":["GET"]}}],"collection":[{"href":"https:\/\/www.flexxfit.de\/wal\/wp-json\/wp\/v2\/pages"}],"about":[{"href":"https:\/\/www.flexxfit.de\/wal\/wp-json\/wp\/v2\/types\/page"}],"author":[{"embeddable":true,"href":"https:\/\/www.flexxfit.de\/wal\/wp-json\/wp\/v2\/users\/1"}],"replies":[{"embeddable":true,"href":"https:\/\/www.flexxfit.de\/wal\/wp-json\/wp\/v2\/comments?post=459"}],"version-history":[{"count":20,"href":"https:\/\/www.flexxfit.de\/wal\/wp-json\/wp\/v2\/pages\/459\/revisions"}],"predecessor-version":[{"id":27495,"href":"https:\/\/www.flexxfit.de\/wal\/wp-json\/wp\/v2\/pages\/459\/revisions\/27495"}],"wp:attachment":[{"href":"https:\/\/www.flexxfit.de\/wal\/wp-json\/wp\/v2\/media?parent=459"}],"curies":[{"name":"wp","href":"https:\/\/api.w.org\/{rel}","templated":true}]}}