{"id":27475,"date":"2024-07-09T12:01:42","date_gmt":"2024-07-09T10:01:42","guid":{"rendered":"https:\/\/www.flexxfit.de\/wal\/?page_id=27475"},"modified":"2024-07-09T12:31:14","modified_gmt":"2024-07-09T10:31:14","slug":"duales-studium","status":"publish","type":"page","link":"https:\/\/www.flexxfit.de\/wal\/jobs\/duales-studium\/","title":{"rendered":"Duales Studium"},"content":{"rendered":"\n[et_pb_section fb_built=&#8220;1&#8243; _builder_version=&#8220;4.18.0&#8243; _module_preset=&#8220;default&#8220; da_disable_devices=&#8220;off|off|off&#8220; global_colors_info=&#8220;{}&#8220; da_is_popup=&#8220;off&#8220; da_exit_intent=&#8220;off&#8220; da_has_close=&#8220;on&#8220; da_alt_close=&#8220;off&#8220; da_dark_close=&#8220;off&#8220; da_not_modal=&#8220;on&#8220; da_is_singular=&#8220;off&#8220; da_with_loader=&#8220;off&#8220; da_has_shadow=&#8220;on&#8220;][et_pb_row _builder_version=&#8220;4.18.0&#8243; _module_preset=&#8220;default&#8220; global_colors_info=&#8220;{}&#8220;][et_pb_column type=&#8220;4_4&#8243; _builder_version=&#8220;4.18.0&#8243; _module_preset=&#8220;default&#8220; global_colors_info=&#8220;{}&#8220;][et_pb_text _builder_version=&#8220;4.18.0&#8243; _module_preset=&#8220;default&#8220; header_font_size=&#8220;61px&#8220; custom_padding=&#8220;||66px||false|false&#8220; global_colors_info=&#8220;{}&#8220;]<h1 class=\"mbr-section-title pb-3 mbr-fonts-style display-1\" style=\"text-align: center;\">DUALES STUDIUM<\/h1>[\/et_pb_text][et_pb_text _builder_version=&#8220;4.24.2&#8243; _module_preset=&#8220;default&#8220; text_line_height=&#8220;1.9em&#8220; header_2_line_height=&#8220;1.5em&#8220; hover_enabled=&#8220;0&#8243; global_colors_info=&#8220;{}&#8220; sticky_enabled=&#8220;0&#8243;]<h2 class=\"mbr-fonts-style mbr-title align-left pb-3 display-2\">Duale Bachelor-Studenten gesucht! (M\/D\/W)<\/h2>\n<p class=\"mbr-fonts-style mbr-text align-left display-7\"><span>Die perfekte Mischung aus Ausbildung und akademischem Abschluss!<\/span><\/p>\n<p class=\"mbr-fonts-style mbr-text align-left display-7\"><span>DHfPG- Studieng\u00e4nge:<br \/><\/span><\/p>\n<ul>\n<li class=\"x_MsoNormal\"><span lang=\"EN-US\">Fitness\u00f6konomie &#8211; Bachelor of Arts<\/span><\/li>\n<li class=\"x_MsoNormal\"><span lang=\"EN-US\">Sport\u00f6konomie &#8211; Bachelor of Arts<\/span><\/li>\n<li class=\"x_MsoNormal\"><span lang=\"EN-US\">Gesundheitsmanagement &#8211; Bachelor of Arts<\/span><\/li>\n<li class=\"x_MsoNormal\"><span lang=\"EN-US\">Fitnesstraining &#8211; Bachelor of Arts<\/span><\/li>\n<li class=\"x_MsoNormal\"><span lang=\"EN-US\">Ern\u00e4hrungsberatung &#8211; Bachelor of Arts<\/span><\/li>\n<li class=\"x_MsoNormal\">Sport- und Bewegungstherapie &#8211; Bachelor of Arts<\/li>\n<\/ul>\n<p class=\"x_MsoNormal\">Anerkannter Abschluss \u201eBachelor of Arts\u201c \/\u00a0Zahlreiche Trainerlizenzen und Zertifikate inklusive.<span><\/span><\/p>\n<p><strong><b>Deine Aufgaben<\/b>:\u200b<\/strong><\/p>\n<ul>\n<li class=\"x_MsoNormal\">Professionelle und zuvorkommende Kundenbetreuung<\/li>\n<li class=\"x_MsoNormal\">Als motivierender Trainer sorgst du mit Einzel- und Gruppentrainings daf\u00fcr, dass unsere Mitglieder Ihre Ziele erreichen<\/li>\n<li class=\"x_MsoNormal\">Marketing- und Promotion Aktionen gemeinsam mit dem Team planen und umsetzen<\/li>\n<li class=\"x_MsoNormal\">\u00dcbernahme von betriebswirtschaftlichen und administrativen T\u00e4tigkeiten<\/li>\n<li class=\"x_MsoNormal\">Spezifische Aufgaben f\u00fcr deinen Studienbereich<\/li>\n<\/ul>\n<p><strong><b>Das bringst Du mit<\/b>:<\/strong><\/p>\n<ul>\n<li class=\"x_MsoNormal\">Du bist mindestens 18 Jahre alt und hast deine allgemeine\/fachgebundene Hochschulreife<\/li>\n<li class=\"x_MsoNormal\">Du bist sport- und trainingsbegeistert<\/li>\n<li class=\"x_MsoNormal\">Du bist spontan und kannst dich gut selbst organisieren<\/li>\n<li class=\"x_MsoNormal\">Du w\u00e4chst mit deinen Aufgaben und liebst Herausforderungen<\/li>\n<li class=\"x_MsoNormal\">Du bist service- und dienstleistungsorientiert<\/li>\n<li class=\"x_MsoNormal\">Du beherrschst die deutsche Sprache in Wort und Schrift<\/li>\n<\/ul>\n<p><b>Wer wir sind:<\/b><\/p>\n<p><span>Flexxfit ist ein stylisches, modernes, vollausgestattetes Premiumfitnessstudio mit dem besten Equipment, tollen Mitgliedern und einem fantastischen Team. Neben einer riesigen Ger\u00e4tetrainingsfl\u00e4che, einer eigenen Fuctional- Trainingsetage und elektronischen Fitnesstraining, bieten wir ein breites Kursangebot von Boxen \u00fcber Yoga und Jumping bis hin zu anerkanntem Rehasport.<\/span><\/p>\n<p><strong><b>Was wir bieten<\/b>:\u200b<\/strong><\/p>\n<p class=\"x_MsoNormal\">Mit 32 Arbeitsstunden pro Woche hast du gen\u00fcgend Zeit f\u00fcr dein Studium. Bei uns bist du von Tag 1 an vollwertiges Teammitglied. Freies Training ist f\u00fcr uns au\u00dferhalb der Arbeitszeiten selbstverst\u00e4ndlich. Regelm\u00e4\u00dfige Teamevents und Weiterbildungs- sowie \u00dcbernahmem\u00f6glichkeiten warten ebenfalls auf dich!<\/p>\n<p class=\"x_MsoNormal\">Bewirb dich jetzt per Mail: <a href=\"mailto:waltrop@flexxfit.de\" a=\"\">waltrop@flexxfit.de<\/a><\/p>\n<p>&nbsp;<\/p>[\/et_pb_text][\/et_pb_column][\/et_pb_row][\/et_pb_section]\n","protected":false},"excerpt":{"rendered":"<p>DUALES STUDIUMDuale Bachelor-Studenten gesucht! (M\/D\/W) Die perfekte Mischung aus Ausbildung und akademischem Abschluss! DHfPG- Studieng\u00e4nge: Fitness\u00f6konomie &#8211; Bachelor of Arts Sport\u00f6konomie &#8211; Bachelor of Arts Gesundheitsmanagement &#8211; Bachelor of Arts Fitnesstraining &#8211; Bachelor of Arts Ern\u00e4hrungsberatung &#8211; Bachelor of Arts Sport- und Bewegungstherapie &#8211; Bachelor of Arts Anerkannter Abschluss \u201eBachelor of Arts\u201c \/\u00a0Zahlreiche Trainerlizenzen und [&hellip;]<\/p>\n","protected":false},"author":1,"featured_media":0,"parent":459,"menu_order":0,"comment_status":"closed","ping_status":"closed","template":"","meta":{"_et_pb_use_builder":"on","_et_pb_old_content":"","_et_gb_content_width":"","footnotes":""},"class_list":["post-27475","page","type-page","status-publish","hentry"],"_links":{"self":[{"href":"https:\/\/www.flexxfit.de\/wal\/wp-json\/wp\/v2\/pages\/27475","targetHints":{"allow":["GET"]}}],"collection":[{"href":"https:\/\/www.flexxfit.de\/wal\/wp-json\/wp\/v2\/pages"}],"about":[{"href":"https:\/\/www.flexxfit.de\/wal\/wp-json\/wp\/v2\/types\/page"}],"author":[{"embeddable":true,"href":"https:\/\/www.flexxfit.de\/wal\/wp-json\/wp\/v2\/users\/1"}],"replies":[{"embeddable":true,"href":"https:\/\/www.flexxfit.de\/wal\/wp-json\/wp\/v2\/comments?post=27475"}],"version-history":[{"count":4,"href":"https:\/\/www.flexxfit.de\/wal\/wp-json\/wp\/v2\/pages\/27475\/revisions"}],"predecessor-version":[{"id":27489,"href":"https:\/\/www.flexxfit.de\/wal\/wp-json\/wp\/v2\/pages\/27475\/revisions\/27489"}],"up":[{"embeddable":true,"href":"https:\/\/www.flexxfit.de\/wal\/wp-json\/wp\/v2\/pages\/459"}],"wp:attachment":[{"href":"https:\/\/www.flexxfit.de\/wal\/wp-json\/wp\/v2\/media?parent=27475"}],"curies":[{"name":"wp","href":"https:\/\/api.w.org\/{rel}","templated":true}]}}