{"id":483,"date":"2022-09-26T16:24:46","date_gmt":"2022-09-26T14:24:46","guid":{"rendered":"https:\/\/www.flexxfit.de\/waf\/?page_id=483"},"modified":"2022-12-01T16:55:45","modified_gmt":"2022-12-01T15:55:45","slug":"duales-studium","status":"publish","type":"page","link":"https:\/\/www.flexxfit.de\/waf\/jobs\/duales-studium\/","title":{"rendered":"Duales Studium"},"content":{"rendered":"\n[et_pb_section fb_built=&#8220;1&#8243; _builder_version=&#8220;4.18.0&#8243; _module_preset=&#8220;default&#8220; global_colors_info=&#8220;{}&#8220;][et_pb_row _builder_version=&#8220;4.18.0&#8243; _module_preset=&#8220;default&#8220; global_colors_info=&#8220;{}&#8220;][et_pb_column type=&#8220;4_4&#8243; _builder_version=&#8220;4.18.0&#8243; _module_preset=&#8220;default&#8220; global_colors_info=&#8220;{}&#8220;][et_pb_text _builder_version=&#8220;4.18.0&#8243; _module_preset=&#8220;default&#8220; header_font_size=&#8220;61px&#8220; custom_padding=&#8220;||66px||false|false&#8220; global_colors_info=&#8220;{}&#8220;]<h1 class=\"mbr-section-title pb-3 mbr-fonts-style display-1\" style=\"text-align: center;\">DUALES STUDIUM<\/h1>[\/et_pb_text][et_pb_text _builder_version=&#8220;4.18.0&#8243; _module_preset=&#8220;default&#8220; text_line_height=&#8220;1.9em&#8220; header_2_line_height=&#8220;1.5em&#8220; global_colors_info=&#8220;{}&#8220;]<h2 class=\"mbr-fonts-style mbr-title align-left pb-3 display-2\">DUALES STUDIUM (M\/W\/D)<\/h2>\n<p class=\"mbr-fonts-style mbr-text align-left display-7\">Motivierte und engagierte Mitarbeiter sind das Herz vom FlexXfit Warendorf. Unser Studio besticht durch unser individuelles Design, unsere durchdachten Trainingskonzepte und unsere kompetenten Mitarbeiter.<\/p>\n<p><strong>Wir bieten:\u200b<\/strong><\/p>\n<p>Wir bieten dir die M\u00f6glichkeit eine betriebliche Ausbildung mit einem Studium zu verbinden.\u00a0<br \/>Zur Option stehen folgende Studieng\u00e4nge:<\/p>\n<ul>\n<li class=\"mbr-fonts-style mbr-text align-left display-7\">Fitness\u00f6konomie \u2013 Bachelor of Arts<\/li>\n<li class=\"mbr-fonts-style mbr-text align-left display-7\">Gesundheitsmanagement \u2013 Bachelor of Arts<\/li>\n<li class=\"mbr-fonts-style mbr-text align-left display-7\">Fitnesstraining \u2013 Bachelor of Arts<\/li>\n<\/ul>\n<p class=\"mbr-fonts-style mbr-text align-left display-7\">Weitere Information findet ihr auf der Website der DHfPG:\u00a0<a href=\"https:\/\/www.dhfpg.de\/\" target=\"_blank\" rel=\"noopener\">https:\/\/www.dhfpg.de\/<\/a><\/p>\n<p><strong>Dein Profil:<\/strong><\/p>\n<ul>\n<li class=\"mbr-fonts-style mbr-text align-left display-7\">Allgemeine Hochschulreife \/\/ Abschluss als Meister\/Fachwirt \/\/ Fachschulabschluss oder Berufsfortbildungsabschluss<\/li>\n<li class=\"mbr-fonts-style mbr-text align-left display-7\">Positive Einstellung und eine starke Affinit\u00e4t zum Sport- und Fitnessbereich<\/li>\n<li class=\"mbr-fonts-style mbr-text align-left display-7\">Ein offenes Erscheinungsbild, bist freundlich und flexibel<\/li>\n<li class=\"mbr-fonts-style mbr-text align-left display-7\">Du hast Spa\u00df an der Arbeit<\/li>\n<li class=\"mbr-fonts-style mbr-text align-left display-7\"><span>Ein gepflegtes und sauberes Erscheinungsbild<\/span><\/li>\n<\/ul>\n<p><strong>Dein Gewinn:\u200b<\/strong><\/p>\n<p>Dich begr\u00fc\u00dft ein engagiertes und motiviertes Team in einer einzigartigen Arbeitsatmosph\u00e4re. Wenn du talentiert bist und zu uns passt, erh\u00e4ltst du bei uns die Chancen und Herausforderungen, nach denen du gesucht hast.<\/p>\n<p>Wir freuen uns auf dich!<\/p>\n<p>Bewirb dich jetzt und sende uns deine vollst\u00e4ndigen Bewerbungsunterlagen<br \/>(gern auch per E-Mail unter<span> <\/span><strong><a href=\"mailto:tl@flexxfit.de\" class=\"text-secondary\">ms@flexxfit.de<\/a><\/strong>) zu.<\/p>[\/et_pb_text][\/et_pb_column][\/et_pb_row][\/et_pb_section]\n","protected":false},"excerpt":{"rendered":"<p>DUALES STUDIUMDUALES STUDIUM (M\/W\/D) Motivierte und engagierte Mitarbeiter sind das Herz vom FlexXfit Warendorf. Unser Studio besticht durch unser individuelles Design, unsere durchdachten Trainingskonzepte und unsere kompetenten Mitarbeiter. Wir bieten:\u200b Wir bieten dir die M\u00f6glichkeit eine betriebliche Ausbildung mit einem Studium zu verbinden.\u00a0Zur Option stehen folgende Studieng\u00e4nge: Fitness\u00f6konomie \u2013 Bachelor of Arts Gesundheitsmanagement \u2013 Bachelor [&hellip;]<\/p>\n","protected":false},"author":1,"featured_media":0,"parent":459,"menu_order":0,"comment_status":"closed","ping_status":"closed","template":"","meta":{"_et_pb_use_builder":"on","_et_pb_old_content":"","_et_gb_content_width":"","footnotes":""},"class_list":["post-483","page","type-page","status-publish","hentry"],"_links":{"self":[{"href":"https:\/\/www.flexxfit.de\/waf\/wp-json\/wp\/v2\/pages\/483","targetHints":{"allow":["GET"]}}],"collection":[{"href":"https:\/\/www.flexxfit.de\/waf\/wp-json\/wp\/v2\/pages"}],"about":[{"href":"https:\/\/www.flexxfit.de\/waf\/wp-json\/wp\/v2\/types\/page"}],"author":[{"embeddable":true,"href":"https:\/\/www.flexxfit.de\/waf\/wp-json\/wp\/v2\/users\/1"}],"replies":[{"embeddable":true,"href":"https:\/\/www.flexxfit.de\/waf\/wp-json\/wp\/v2\/comments?post=483"}],"version-history":[{"count":6,"href":"https:\/\/www.flexxfit.de\/waf\/wp-json\/wp\/v2\/pages\/483\/revisions"}],"predecessor-version":[{"id":6629,"href":"https:\/\/www.flexxfit.de\/waf\/wp-json\/wp\/v2\/pages\/483\/revisions\/6629"}],"up":[{"embeddable":true,"href":"https:\/\/www.flexxfit.de\/waf\/wp-json\/wp\/v2\/pages\/459"}],"wp:attachment":[{"href":"https:\/\/www.flexxfit.de\/waf\/wp-json\/wp\/v2\/media?parent=483"}],"curies":[{"name":"wp","href":"https:\/\/api.w.org\/{rel}","templated":true}]}}