{"id":475,"date":"2022-09-26T16:07:14","date_gmt":"2022-09-26T14:07:14","guid":{"rendered":"https:\/\/www.flexxfit.de\/waf\/?page_id=475"},"modified":"2022-12-01T16:56:07","modified_gmt":"2022-12-01T15:56:07","slug":"rehasport","status":"publish","type":"page","link":"https:\/\/www.flexxfit.de\/waf\/jobs\/rehasport\/","title":{"rendered":"Kursleiter\/in"},"content":{"rendered":"\n[et_pb_section fb_built=&#8220;1&#8243; _builder_version=&#8220;4.18.0&#8243; _module_preset=&#8220;default&#8220; global_colors_info=&#8220;{}&#8220;][et_pb_row _builder_version=&#8220;4.18.0&#8243; _module_preset=&#8220;default&#8220; global_colors_info=&#8220;{}&#8220;][et_pb_column type=&#8220;4_4&#8243; _builder_version=&#8220;4.18.0&#8243; _module_preset=&#8220;default&#8220; global_colors_info=&#8220;{}&#8220;][et_pb_text _builder_version=&#8220;4.18.0&#8243; _module_preset=&#8220;default&#8220; header_font_size=&#8220;61px&#8220; custom_padding=&#8220;||66px||false|false&#8220; global_colors_info=&#8220;{}&#8220;]<h1 class=\"mbr-section-title pb-3 mbr-fonts-style display-1\" style=\"text-align: center;\">KURSLEITER\/IN WARENDORF<\/h1>[\/et_pb_text][et_pb_text _builder_version=&#8220;4.18.1&#8243; _module_preset=&#8220;default&#8220; text_line_height=&#8220;1.9em&#8220; global_colors_info=&#8220;{}&#8220;]<h2 class=\"mbr-fonts-style mbr-title align-left pb-3 display-2\">KURSLEITER\/IN (M\/W\/D)<\/h2>\n<p class=\"mbr-fonts-style mbr-text align-left display-7\"><span>Motivierte und engagierte Mitarbeiter sind das Herz vom FlexXfit Warendorf. Unser Studio besticht durch unser individuelles Design, unsere durchdachten Trainingskonzepte und unsere kompetenten Mitarbeiter.<\/span><\/p>\n<p><strong>Besch\u00e4ftigungsart:\u200b<\/strong><\/p>\n<ul>\n<li><span>freiberuflich<\/span><\/li>\n<li><span>nach Vereinbarung<\/span><\/li>\n<\/ul>\n<p class=\"mbr-fonts-style mbr-text align-left display-7\"><span><\/span><\/p>\n<p><strong>Deine Aufgaben:\u200b<\/strong><\/p>\n<ul>\n<li><span>Du begeisterst Mitglieder f\u00fcr Sport und Fitness und motivierst sie Gruppenkurse zu besuchen<\/span><\/li>\n<li><span>Du leitest selbstst\u00e4ndig deine Kurse, gern kannst du auch Sonderaktionen f\u00fcr unsere Mitglieder gestalten, die du durchf\u00fchrst<\/span><\/li>\n<li><span>Du ber\u00e4tst unsere Mitglieder bei der Suche nach dem richtigen Kurs<\/span><\/li>\n<\/ul>\n<p><strong>Dein Profil:<\/strong><\/p>\n<ul>\n<li><span>Du bist qualifizierter Group Fitness Trainer \u2013 oder hast gleichwertige praktische Kenntnisse aus dem sportlichen Bereich<\/span><\/li>\n<li><span>Du hast bereits erfolgreich verschiedene Gruppentrainings durchgef\u00fchrt<\/span><\/li>\n<li><span>Du gehst respektvoll und fair mit Mitgliedern und Kollegen um<\/span><\/li>\n<li><span>Du bist zuverl\u00e4ssig, serviceorientiert, kommunikativ und kannst andere mitrei\u00dfen<\/span><\/li>\n<\/ul>\n<p><strong><\/strong><\/p>\n<p>Wir suchen Group Fitness Trainer f\u00fcr unterschiedliche Kursformate \u2013 von Fatburner, Jumping, Tabata bis Yoga und Zumba. Bitte teile uns mit welche Kursformate zu deinem Repertoire geh\u00f6ren.<\/p>\n<p><strong>Dein Gewinn:\u200b<\/strong><\/p>\n<ul>\n<li><span>Flexible Arbeitszeitmodelle<\/span><\/li>\n<li><span>Kostenfreie Getr\u00e4nke<\/span><\/li>\n<li><span>Kostenfreie Mitgliedschaft<\/span><\/li>\n<\/ul>\n<p><span>Wir freuen uns auf dich!<\/span><\/p>\n<p><span>Bewirb dich jetzt und sende uns deine vollst\u00e4ndigen Bewerbungsunterlagen<\/span><br \/><span>(gern auch per E-Mail unter <\/span><strong><a href=\"mailto:tl@flexxfit.de\">ms@flexxfit.de<\/a><\/strong><span>) zu.<\/span><\/p>\n<p>&nbsp;<\/p>[\/et_pb_text][\/et_pb_column][\/et_pb_row][\/et_pb_section]\n","protected":false},"excerpt":{"rendered":"<p>KURSLEITER\/IN WARENDORFKURSLEITER\/IN (M\/W\/D) Motivierte und engagierte Mitarbeiter sind das Herz vom FlexXfit Warendorf. Unser Studio besticht durch unser individuelles Design, unsere durchdachten Trainingskonzepte und unsere kompetenten Mitarbeiter. Besch\u00e4ftigungsart:\u200b freiberuflich nach Vereinbarung Deine Aufgaben:\u200b Du begeisterst Mitglieder f\u00fcr Sport und Fitness und motivierst sie Gruppenkurse zu besuchen Du leitest selbstst\u00e4ndig deine Kurse, gern kannst du auch [&hellip;]<\/p>\n","protected":false},"author":1,"featured_media":0,"parent":459,"menu_order":0,"comment_status":"closed","ping_status":"closed","template":"","meta":{"_et_pb_use_builder":"on","_et_pb_old_content":"","_et_gb_content_width":"","footnotes":""},"class_list":["post-475","page","type-page","status-publish","hentry"],"_links":{"self":[{"href":"https:\/\/www.flexxfit.de\/waf\/wp-json\/wp\/v2\/pages\/475","targetHints":{"allow":["GET"]}}],"collection":[{"href":"https:\/\/www.flexxfit.de\/waf\/wp-json\/wp\/v2\/pages"}],"about":[{"href":"https:\/\/www.flexxfit.de\/waf\/wp-json\/wp\/v2\/types\/page"}],"author":[{"embeddable":true,"href":"https:\/\/www.flexxfit.de\/waf\/wp-json\/wp\/v2\/users\/1"}],"replies":[{"embeddable":true,"href":"https:\/\/www.flexxfit.de\/waf\/wp-json\/wp\/v2\/comments?post=475"}],"version-history":[{"count":13,"href":"https:\/\/www.flexxfit.de\/waf\/wp-json\/wp\/v2\/pages\/475\/revisions"}],"predecessor-version":[{"id":6632,"href":"https:\/\/www.flexxfit.de\/waf\/wp-json\/wp\/v2\/pages\/475\/revisions\/6632"}],"up":[{"embeddable":true,"href":"https:\/\/www.flexxfit.de\/waf\/wp-json\/wp\/v2\/pages\/459"}],"wp:attachment":[{"href":"https:\/\/www.flexxfit.de\/waf\/wp-json\/wp\/v2\/media?parent=475"}],"curies":[{"name":"wp","href":"https:\/\/api.w.org\/{rel}","templated":true}]}}