{"id":34845,"date":"2025-04-22T11:59:15","date_gmt":"2025-04-22T09:59:15","guid":{"rendered":"https:\/\/www.flexxfit.de\/waf\/?page_id=34845"},"modified":"2026-01-29T09:19:17","modified_gmt":"2026-01-29T08:19:17","slug":"team","status":"publish","type":"page","link":"https:\/\/www.flexxfit.de\/waf\/team\/","title":{"rendered":"Team"},"content":{"rendered":"<p>[et_pb_section fb_built=&#8220;1&#8243; _builder_version=&#8220;4.27.4&#8243; _module_preset=&#8220;default&#8220; background_color=&#8220;rgba(105,40,129,0.11)&#8220; da_disable_devices=&#8220;off|off|off&#8220; global_colors_info=&#8220;{}&#8220; da_is_popup=&#8220;off&#8220; da_exit_intent=&#8220;off&#8220; da_has_close=&#8220;on&#8220; da_alt_close=&#8220;off&#8220; da_dark_close=&#8220;off&#8220; da_not_modal=&#8220;on&#8220; da_is_singular=&#8220;off&#8220; da_with_loader=&#8220;off&#8220; da_has_shadow=&#8220;on&#8220;][et_pb_row _builder_version=&#8220;4.27.4&#8243; _module_preset=&#8220;default&#8220; global_colors_info=&#8220;{}&#8220;][et_pb_column type=&#8220;4_4&#8243; _builder_version=&#8220;4.27.4&#8243; _module_preset=&#8220;default&#8220; global_colors_info=&#8220;{}&#8220;][et_pb_text _builder_version=&#8220;4.27.4&#8243; _module_preset=&#8220;default&#8220; header_text_align=&#8220;center&#8220; header_font_size=&#8220;87px&#8220; custom_margin=&#8220;50px||-60px||false|false&#8220; custom_padding=&#8220;||||false|false&#8220; global_colors_info=&#8220;{}&#8220;]<\/p>\n<h1>#wirsindflexxfit<\/h1>\n<p>[\/et_pb_text][\/et_pb_column][\/et_pb_row][\/et_pb_section][et_pb_section fb_built=&#8220;1&#8243; _builder_version=&#8220;4.27.4&#8243; _module_preset=&#8220;default&#8220; background_color=&#8220;rgba(105,40,129,0.11)&#8220; custom_padding=&#8220;||97px|||&#8220; da_disable_devices=&#8220;off|off|off&#8220; global_colors_info=&#8220;{}&#8220; da_is_popup=&#8220;off&#8220; da_exit_intent=&#8220;off&#8220; da_has_close=&#8220;on&#8220; da_alt_close=&#8220;off&#8220; da_dark_close=&#8220;off&#8220; da_not_modal=&#8220;on&#8220; da_is_singular=&#8220;off&#8220; da_with_loader=&#8220;off&#8220; da_has_shadow=&#8220;on&#8220;][et_pb_row column_structure=&#8220;1_3,1_3,1_3&#8243; make_equal=&#8220;on&#8220; _builder_version=&#8220;4.27.4&#8243; _module_preset=&#8220;default&#8220; global_colors_info=&#8220;{}&#8220;][et_pb_column type=&#8220;1_3&#8243; _builder_version=&#8220;4.27.4&#8243; _module_preset=&#8220;default&#8220; background_color=&#8220;#f7f7f7&#8243; custom_padding=&#8220;|25px|25px|25px|false|false&#8220; border_width_all=&#8220;2px&#8220; border_color_all=&#8220;#000000&#8243; global_colors_info=&#8220;{}&#8220;][et_pb_image src=&#8220;https:\/\/www.flexxfit.de\/waf\/wp-content\/uploads\/2025\/06\/lars.jpg&#8220; title_text=&#8220;lars&#8220; _builder_version=&#8220;4.27.4&#8243; _module_preset=&#8220;default&#8220; custom_margin=&#8220;|-25px||-25px|false|false&#8220; border_width_bottom=&#8220;2px&#8220; global_colors_info=&#8220;{}&#8220;][\/et_pb_image][et_pb_heading title=&#8220;LARS&#8220; _builder_version=&#8220;4.27.4&#8243; _module_preset=&#8220;default&#8220; title_font_size=&#8220;45px&#8220; custom_margin=&#8220;||-20px||false|false&#8220; global_colors_info=&#8220;{}&#8220;][\/et_pb_heading][et_pb_text _builder_version=&#8220;4.27.5&#8243; _module_preset=&#8220;default&#8220; text_font_size=&#8220;20px&#8220; text_line_height=&#8220;1.2em&#8220; custom_margin=&#8220;11px||||false|false&#8220; hover_enabled=&#8220;0&#8243; global_colors_info=&#8220;{}&#8220; sticky_enabled=&#8220;0&#8243;]<\/p>\n<p><strong>Studioleitung<\/strong><\/p>\n<p>[\/et_pb_text][et_pb_text _builder_version=&#8220;4.27.4&#8243; _module_preset=&#8220;default&#8220; text_font_size=&#8220;20px&#8220; custom_margin=&#8220;-15px||-20px||false|false&#8220; global_colors_info=&#8220;{}&#8220;]<\/p>\n<ul>\n<li>Sport- und Fitnesskaufmann<\/li>\n<li>Fitnesstrainer B-Lizenz<\/li>\n<li>Functional Training A-Lizenz<\/li>\n<li>\u00dcbungsleiter Rehabilitationssport<\/li>\n<\/ul>\n<p>[\/et_pb_text][\/et_pb_column][et_pb_column type=&#8220;1_3&#8243; _builder_version=&#8220;4.27.4&#8243; _module_preset=&#8220;default&#8220; background_color=&#8220;#f7f7f7&#8243; custom_padding=&#8220;|25px|25px|25px|false|false&#8220; border_width_all=&#8220;2px&#8220; border_color_all=&#8220;#000000&#8243; global_colors_info=&#8220;{}&#8220;][et_pb_image src=&#8220;https:\/\/www.flexxfit.de\/waf\/wp-content\/uploads\/2025\/06\/salome.jpg&#8220; title_text=&#8220;salome&#8220; _builder_version=&#8220;4.27.4&#8243; _module_preset=&#8220;default&#8220; custom_margin=&#8220;|-25px||-25px|false|false&#8220; border_width_bottom=&#8220;2px&#8220; global_colors_info=&#8220;{}&#8220;][\/et_pb_image][et_pb_heading title=&#8220;SALOME&#8220; _builder_version=&#8220;4.27.4&#8243; _module_preset=&#8220;default&#8220; title_font_size=&#8220;45px&#8220; custom_margin=&#8220;||-20px||false|false&#8220; global_colors_info=&#8220;{}&#8220;][\/et_pb_heading][et_pb_text _builder_version=&#8220;4.27.4&#8243; _module_preset=&#8220;default&#8220; text_font_size=&#8220;20px&#8220; text_line_height=&#8220;1.2em&#8220; custom_margin=&#8220;11px||||false|false&#8220; global_colors_info=&#8220;{}&#8220;]<\/p>\n<p><strong>Leitung Kurs- und Rehasport<\/strong><\/p>\n<p>[\/et_pb_text][et_pb_text _builder_version=&#8220;4.27.4&#8243; _module_preset=&#8220;default&#8220; text_font_size=&#8220;20px&#8220; custom_margin=&#8220;-15px||-20px||false|false&#8220; global_colors_info=&#8220;{}&#8220;]<\/p>\n<ul>\n<li>\n<p>Sport- und Gymnastiklehrerin<\/p>\n<\/li>\n<li>\n<p>\u00dcbungsleiterin Rehabilitationssport<\/p>\n<\/li>\n<li>\n<p>Pilatestrainerin<\/p>\n<\/li>\n<li>\n<p>R\u00fcckenschule nach KddR<\/p>\n<\/li>\n<\/ul>\n<p>[\/et_pb_text][\/et_pb_column][et_pb_column type=&#8220;1_3&#8243; _builder_version=&#8220;4.27.4&#8243; _module_preset=&#8220;default&#8220; background_color=&#8220;#f7f7f7&#8243; custom_padding=&#8220;|25px|25px|25px|false|false&#8220; border_width_all=&#8220;2px&#8220; border_color_all=&#8220;#000000&#8243; global_colors_info=&#8220;{}&#8220;][et_pb_image src=&#8220;https:\/\/www.flexxfit.de\/waf\/wp-content\/uploads\/2025\/06\/andre.jpg&#8220; title_text=&#8220;andre&#8220; _builder_version=&#8220;4.27.4&#8243; _module_preset=&#8220;default&#8220; custom_margin=&#8220;|-25px||-25px|false|false&#8220; border_width_bottom=&#8220;2px&#8220; global_colors_info=&#8220;{}&#8220;][\/et_pb_image][et_pb_heading title=&#8220;ANDRE&#8220; _builder_version=&#8220;4.27.4&#8243; _module_preset=&#8220;default&#8220; title_font_size=&#8220;45px&#8220; custom_margin=&#8220;||-20px||false|false&#8220; global_colors_info=&#8220;{}&#8220;][\/et_pb_heading][et_pb_text _builder_version=&#8220;4.27.4&#8243; _module_preset=&#8220;default&#8220; text_font_size=&#8220;20px&#8220; text_line_height=&#8220;1.2em&#8220; custom_margin=&#8220;11px||||false|false&#8220; global_colors_info=&#8220;{}&#8220;]<\/p>\n<p><strong>Leitung Trainingsfl\u00e4che<\/strong><\/p>\n<p>[\/et_pb_text][et_pb_text _builder_version=&#8220;4.27.4&#8243; _module_preset=&#8220;default&#8220; text_font_size=&#8220;20px&#8220; custom_margin=&#8220;-15px||-20px||false|false&#8220; global_colors_info=&#8220;{}&#8220;]<\/p>\n<ul>\n<li>\n<p>Entspannungstrainer<\/p>\n<\/li>\n<li>\n<p>Ern\u00e4hrungsberater<\/p>\n<\/li>\n<li>\n<p>Personal Trainer<\/p>\n<\/li>\n<li>\n<p>Gesundheitsberater nach R\u00fcdiger Dahlke<\/p>\n<\/li>\n<li>\n<p>Craniosakraltherapie<\/p>\n<\/li>\n<li>\n<p>Manuelle Therapie<\/p>\n<\/li>\n<\/ul>\n<p>[\/et_pb_text][\/et_pb_column][\/et_pb_row][et_pb_row column_structure=&#8220;1_3,1_3,1_3&#8243; make_equal=&#8220;on&#8220; _builder_version=&#8220;4.27.4&#8243; _module_preset=&#8220;default&#8220; global_colors_info=&#8220;{}&#8220;][et_pb_column type=&#8220;1_3&#8243; _builder_version=&#8220;4.27.4&#8243; _module_preset=&#8220;default&#8220; background_color=&#8220;#f7f7f7&#8243; custom_padding=&#8220;|25px|25px|25px|false|false&#8220; border_width_all=&#8220;2px&#8220; border_color_all=&#8220;#000000&#8243; global_colors_info=&#8220;{}&#8220;][et_pb_image src=&#8220;https:\/\/www.flexxfit.de\/waf\/wp-content\/uploads\/2025\/06\/tim.jpg&#8220; title_text=&#8220;tim&#8220; _builder_version=&#8220;4.27.4&#8243; _module_preset=&#8220;default&#8220; custom_margin=&#8220;|-25px||-25px|false|false&#8220; border_width_bottom=&#8220;2px&#8220; global_colors_info=&#8220;{}&#8220;][\/et_pb_image][et_pb_heading title=&#8220;TIM&#8220; _builder_version=&#8220;4.27.4&#8243; _module_preset=&#8220;default&#8220; title_font_size=&#8220;45px&#8220; custom_margin=&#8220;||-20px||false|false&#8220; global_colors_info=&#8220;{}&#8220;][\/et_pb_heading][et_pb_text _builder_version=&#8220;4.27.4&#8243; _module_preset=&#8220;default&#8220; text_font_size=&#8220;20px&#8220; text_line_height=&#8220;1.2em&#8220; custom_margin=&#8220;11px||||false|false&#8220; global_colors_info=&#8220;{}&#8220;]<\/p>\n<p><strong>Qualit\u00e4tsmanagement<\/strong><\/p>\n<p>[\/et_pb_text][et_pb_text _builder_version=&#8220;4.27.4&#8243; _module_preset=&#8220;default&#8220; text_font_size=&#8220;20px&#8220; custom_margin=&#8220;-15px||-20px||false|false&#8220; global_colors_info=&#8220;{}&#8220;]<\/p>\n<ul>\n<li>\n<p>Sport- &amp; Gesundheitstrainer<\/p>\n<\/li>\n<li>\n<p>Entspannungstrainer<\/p>\n<\/li>\n<li>\n<p>Brace Work<\/p>\n<\/li>\n<li>\n<p>Diplom in Qualit\u00e4tsmanagement<\/p>\n<\/li>\n<li>\n<p>\u00d6kotrophologie in Ausbildung<\/p>\n<\/li>\n<\/ul>\n<p>[\/et_pb_text][\/et_pb_column][et_pb_column type=&#8220;1_3&#8243; _builder_version=&#8220;4.27.4&#8243; _module_preset=&#8220;default&#8220; background_color=&#8220;#f7f7f7&#8243; custom_padding=&#8220;|25px|25px|25px|false|false&#8220; border_width_all=&#8220;2px&#8220; border_color_all=&#8220;#000000&#8243; global_colors_info=&#8220;{}&#8220;][et_pb_image src=&#8220;https:\/\/www.flexxfit.de\/waf\/wp-content\/uploads\/2025\/06\/maxime.jpg&#8220; title_text=&#8220;maxime&#8220; _builder_version=&#8220;4.27.4&#8243; _module_preset=&#8220;default&#8220; custom_margin=&#8220;|-25px||-25px|false|false&#8220; border_width_bottom=&#8220;2px&#8220; global_colors_info=&#8220;{}&#8220;][\/et_pb_image][et_pb_heading title=&#8220;MAXIME&#8220; _builder_version=&#8220;4.27.4&#8243; _module_preset=&#8220;default&#8220; title_font_size=&#8220;45px&#8220; custom_margin=&#8220;||-20px||false|false&#8220; global_colors_info=&#8220;{}&#8220;][\/et_pb_heading][et_pb_text _builder_version=&#8220;4.27.4&#8243; _module_preset=&#8220;default&#8220; text_font_size=&#8220;20px&#8220; text_line_height=&#8220;1.2em&#8220; custom_margin=&#8220;11px||||false|false&#8220; global_colors_info=&#8220;{}&#8220;]<\/p>\n<p><strong>Dualer Student<\/strong><\/p>\n<p>[\/et_pb_text][et_pb_text _builder_version=&#8220;4.27.4&#8243; _module_preset=&#8220;default&#8220; text_font_size=&#8220;20px&#8220; custom_margin=&#8220;-15px||-20px||false|false&#8220; global_colors_info=&#8220;{}&#8220;]<\/p>\n<ul>\n<li>\n<p>Fitness\u00f6konomie BA in Ausbildung<\/p>\n<\/li>\n<li>\n<p>Fitnesstrainer B-Lizenz<\/p>\n<\/li>\n<\/ul>\n<p>[\/et_pb_text][\/et_pb_column][et_pb_column type=&#8220;1_3&#8243; _builder_version=&#8220;4.27.4&#8243; _module_preset=&#8220;default&#8220; background_color=&#8220;#f7f7f7&#8243; custom_padding=&#8220;|25px|25px|25px|false|false&#8220; border_width_all=&#8220;2px&#8220; border_color_all=&#8220;#000000&#8243; global_colors_info=&#8220;{}&#8220;][et_pb_image src=&#8220;https:\/\/www.flexxfit.de\/waf\/wp-content\/uploads\/2025\/06\/angelique.jpg&#8220; title_text=&#8220;angelique&#8220; _builder_version=&#8220;4.27.4&#8243; _module_preset=&#8220;default&#8220; custom_margin=&#8220;|-25px||-25px|false|false&#8220; border_width_bottom=&#8220;2px&#8220; global_colors_info=&#8220;{}&#8220;][\/et_pb_image][et_pb_heading title=&#8220;ANGELIQUE&#8220; _builder_version=&#8220;4.27.4&#8243; _module_preset=&#8220;default&#8220; title_font_size=&#8220;45px&#8220; custom_margin=&#8220;||-20px||false|false&#8220; global_colors_info=&#8220;{}&#8220;][\/et_pb_heading][et_pb_text _builder_version=&#8220;4.27.4&#8243; _module_preset=&#8220;default&#8220; text_font_size=&#8220;20px&#8220; text_line_height=&#8220;1.2em&#8220; custom_margin=&#8220;11px||||false|false&#8220; global_colors_info=&#8220;{}&#8220;]<\/p>\n<p><strong>Auszubildene<\/strong><\/p>\n<p>[\/et_pb_text][et_pb_text _builder_version=&#8220;4.27.4&#8243; _module_preset=&#8220;default&#8220; text_font_size=&#8220;20px&#8220; custom_margin=&#8220;-15px||-20px||false|false&#8220; global_colors_info=&#8220;{}&#8220;]<\/p>\n<ul>\n<li>Sport- und Fitnesskauffrau in Ausbildung<\/li>\n<\/ul>\n<p>[\/et_pb_text][\/et_pb_column][\/et_pb_row][et_pb_row column_structure=&#8220;1_3,1_3,1_3&#8243; make_equal=&#8220;on&#8220; _builder_version=&#8220;4.27.4&#8243; _module_preset=&#8220;default&#8220; global_colors_info=&#8220;{}&#8220;][et_pb_column type=&#8220;1_3&#8243; _builder_version=&#8220;4.27.4&#8243; _module_preset=&#8220;default&#8220; background_color=&#8220;#f7f7f7&#8243; custom_padding=&#8220;|25px|25px|25px|false|false&#8220; border_width_all=&#8220;2px&#8220; border_color_all=&#8220;#000000&#8243; global_colors_info=&#8220;{}&#8220;][et_pb_image src=&#8220;https:\/\/www.flexxfit.de\/waf\/wp-content\/uploads\/2026\/01\/witali.jpg&#8220; title_text=&#8220;witali&#8220; _builder_version=&#8220;4.27.5&#8243; _module_preset=&#8220;default&#8220; custom_margin=&#8220;|-25px||-25px|false|false&#8220; border_width_bottom=&#8220;2px&#8220; global_colors_info=&#8220;{}&#8220;][\/et_pb_image][et_pb_heading title=&#8220;Witali&#8220; _builder_version=&#8220;4.27.4&#8243; _module_preset=&#8220;default&#8220; title_font_size=&#8220;45px&#8220; custom_margin=&#8220;||-20px||false|false&#8220; global_colors_info=&#8220;{}&#8220;][\/et_pb_heading][et_pb_text _builder_version=&#8220;4.27.5&#8243; _module_preset=&#8220;default&#8220; text_font_size=&#8220;20px&#8220; text_line_height=&#8220;1.2em&#8220; custom_margin=&#8220;11px||||false|false&#8220; global_colors_info=&#8220;{}&#8220;]<\/p>\n<p><strong>Fitnesstrainer<\/strong><\/p>\n<p>[\/et_pb_text][et_pb_text _builder_version=&#8220;4.27.5&#8243; _module_preset=&#8220;default&#8220; text_font_size=&#8220;20px&#8220; custom_margin=&#8220;-15px||-20px||false|false&#8220; global_colors_info=&#8220;{}&#8220;]<\/p>\n<ul>\n<li class=\"x_MsoNormal\"><span data-olk-copy-source=\"MessageBody\">Fitnesstrainer B-Lizenz<\/span><\/li>\n<li class=\"x_MsoNormal\"><span>Ern\u00e4hrungstrainer Fitness &amp; Gesundheit<\/span><\/li>\n<li class=\"x_MsoNormal\"><span>Technisches Management (B.SC)<\/span><\/li>\n<li class=\"x_MsoNormal\"><span>Workshops: Calisthenics, Bodyweight-Training, Cross Training<\/span><\/li>\n<\/ul>\n<p>[\/et_pb_text][\/et_pb_column][et_pb_column type=&#8220;1_3&#8243; _builder_version=&#8220;4.27.4&#8243; _module_preset=&#8220;default&#8220; background_color=&#8220;#f7f7f7&#8243; custom_padding=&#8220;|25px|25px|25px|false|false&#8220; border_width_all=&#8220;2px&#8220; border_color_all=&#8220;#000000&#8243; global_colors_info=&#8220;{}&#8220;][et_pb_image src=&#8220;https:\/\/www.flexxfit.de\/waf\/wp-content\/uploads\/2026\/01\/adam.jpg&#8220; title_text=&#8220;adam&#8220; _builder_version=&#8220;4.27.5&#8243; _module_preset=&#8220;default&#8220; custom_margin=&#8220;|-25px||-25px|false|false&#8220; border_width_bottom=&#8220;2px&#8220; global_colors_info=&#8220;{}&#8220;][\/et_pb_image][et_pb_heading title=&#8220;ADAM&#8220; _builder_version=&#8220;4.27.5&#8243; _module_preset=&#8220;default&#8220; title_font_size=&#8220;45px&#8220; custom_margin=&#8220;||-20px||false|false&#8220; global_colors_info=&#8220;{}&#8220;][\/et_pb_heading][et_pb_text _builder_version=&#8220;4.27.5&#8243; _module_preset=&#8220;default&#8220; text_font_size=&#8220;20px&#8220; text_line_height=&#8220;1.2em&#8220; custom_margin=&#8220;11px||||false|false&#8220; global_colors_info=&#8220;{}&#8220;]<\/p>\n<p><strong><span data-olk-copy-source=\"MessageBody\">Auszubildener<\/span><\/strong><\/p>\n<p>[\/et_pb_text][et_pb_text _builder_version=&#8220;4.27.5&#8243; _module_preset=&#8220;default&#8220; text_font_size=&#8220;20px&#8220; custom_margin=&#8220;-15px||-20px||false|false&#8220; global_colors_info=&#8220;{}&#8220;]<\/p>\n<ul>\n<li><span data-olk-copy-source=\"MessageBody\">Sport- und Fitnesskaufmann in Ausbildung<\/span><\/li>\n<\/ul>\n<p>[\/et_pb_text][\/et_pb_column][et_pb_column type=&#8220;1_3&#8243; _builder_version=&#8220;4.27.5&#8243; _module_preset=&#8220;default&#8220; background_color=&#8220;RGBA(255,255,255,0)&#8220; custom_padding=&#8220;|25px|25px|25px|false|false&#8220; border_color_all=&#8220;#000000&#8243; global_colors_info=&#8220;{}&#8220;][\/et_pb_column][\/et_pb_row][et_pb_row _builder_version=&#8220;4.27.4&#8243; _module_preset=&#8220;default&#8220; global_colors_info=&#8220;{}&#8220;][et_pb_column type=&#8220;4_4&#8243; _builder_version=&#8220;4.27.4&#8243; _module_preset=&#8220;default&#8220; background_color=&#8220;#FFFFFF&#8220; custom_padding=&#8220;|25px|25px|25px|false|false&#8220; border_width_all=&#8220;2px&#8220; global_colors_info=&#8220;{}&#8220;][et_pb_image src=&#8220;https:\/\/www.flexxfit.de\/waf\/wp-content\/uploads\/2025\/06\/DSC_9417-Verbessert-RR-scaled.jpg&#8220; title_text=&#8220;DSC_9417-Verbessert-RR&#8220; _builder_version=&#8220;4.27.4&#8243; _module_preset=&#8220;default&#8220; custom_margin=&#8220;|-25px||-25px|false|false&#8220; border_width_all=&#8220;2px&#8220; global_colors_info=&#8220;{}&#8220;][\/et_pb_image][et_pb_heading title=&#8220;Trainer- und Service-Personal&#8220; _builder_version=&#8220;4.27.4&#8243; _module_preset=&#8220;default&#8220; title_font_size=&#8220;45px&#8220; custom_margin=&#8220;||-20px||false|false&#8220; global_colors_info=&#8220;{}&#8220;][\/et_pb_heading][\/et_pb_column][\/et_pb_row][\/et_pb_section]<\/p>\n","protected":false},"excerpt":{"rendered":"<p>#wirsindflexxfitStudioleitung Sport- und Fitnesskaufmann Fitnesstrainer B-Lizenz Functional Training A-Lizenz \u00dcbungsleiter Rehabilitationssport Leitung Kurs- und Rehasport Sport- und Gymnastiklehrerin \u00dcbungsleiterin Rehabilitationssport Pilatestrainerin R\u00fcckenschule nach KddR Leitung Trainingsfl\u00e4che Entspannungstrainer Ern\u00e4hrungsberater Personal Trainer Gesundheitsberater nach R\u00fcdiger Dahlke Craniosakraltherapie Manuelle Therapie Qualit\u00e4tsmanagement Sport- &amp; Gesundheitstrainer Entspannungstrainer Brace Work Diplom in Qualit\u00e4tsmanagement \u00d6kotrophologie in Ausbildung Dualer Student Fitness\u00f6konomie BA in [&hellip;]<\/p>\n","protected":false},"author":1,"featured_media":0,"parent":0,"menu_order":0,"comment_status":"closed","ping_status":"closed","template":"","meta":{"_et_pb_use_builder":"on","_et_pb_old_content":"","_et_gb_content_width":"","footnotes":""},"class_list":["post-34845","page","type-page","status-publish","hentry"],"_links":{"self":[{"href":"https:\/\/www.flexxfit.de\/waf\/wp-json\/wp\/v2\/pages\/34845","targetHints":{"allow":["GET"]}}],"collection":[{"href":"https:\/\/www.flexxfit.de\/waf\/wp-json\/wp\/v2\/pages"}],"about":[{"href":"https:\/\/www.flexxfit.de\/waf\/wp-json\/wp\/v2\/types\/page"}],"author":[{"embeddable":true,"href":"https:\/\/www.flexxfit.de\/waf\/wp-json\/wp\/v2\/users\/1"}],"replies":[{"embeddable":true,"href":"https:\/\/www.flexxfit.de\/waf\/wp-json\/wp\/v2\/comments?post=34845"}],"version-history":[{"count":17,"href":"https:\/\/www.flexxfit.de\/waf\/wp-json\/wp\/v2\/pages\/34845\/revisions"}],"predecessor-version":[{"id":42668,"href":"https:\/\/www.flexxfit.de\/waf\/wp-json\/wp\/v2\/pages\/34845\/revisions\/42668"}],"wp:attachment":[{"href":"https:\/\/www.flexxfit.de\/waf\/wp-json\/wp\/v2\/media?parent=34845"}],"curies":[{"name":"wp","href":"https:\/\/api.w.org\/{rel}","templated":true}]}}